{"id":1195,"date":"2015-03-23T23:04:26","date_gmt":"2015-03-23T22:04:26","guid":{"rendered":"http:\/\/follia.com\/?page_id=1195"},"modified":"2015-03-23T23:04:26","modified_gmt":"2015-03-23T22:04:26","slug":"politica-de-privacidad","status":"publish","type":"page","link":"https:\/\/follia.com\/es\/politica-de-privacidad\/","title":{"rendered":"Pol\u00edtica de Privacidad"},"content":{"rendered":"<p style=\"text-align: left;\">El Balanc\u00ed, S.L. vol posar en coneixement dels usuaris d\u2019aquest lloc web la seva pol\u00edtica de privacitat i seguretat de les dades de car\u00e0cter personal que poguessin ser recollides o tractades en aquesta web.<br \/>\nLes dades de car\u00e0cter personal que el Balanc\u00ed S.L. pugui arribar a obtenir dels usuaris del lloc web seran tractats segons les exig\u00e8ncies de la Llei Org\u00e0nica 15\/1999, de 13 de desembre, de Protecci\u00f3 de Dades de Car\u00e0cter Personal (en endavant, LOPD) i el Reial Decret 1720\/2007, de 21 de desembre, pel qual s\u2019aprova el Reglament de desenvolupament de l\u2019esmentada Llei.<\/p>\n<p style=\"text-align: left;\"><strong>Responsable del fitxer<\/strong><\/p>\n<p style=\"text-align: left;\">El responsable del fitxer o fitxers que continguin dades de car\u00e0cter personal recollides en aquesta web es el Balanc\u00ed S.L., empresa inscrita al Registre Mercantil de Barcelona, inscrita al tomo 9364 llibre 370 de la secci\u00f3 3era, foli 40, fulla n\u00ba 7071, inscripci\u00f3 1era, con CIF B58486135, i amb domicili social al c\/ de Bon Viatge, n\u00ba 22 de Sant Joan Despi 08970 Barcelona (Espa\u00f1a).<\/p>\n<p style=\"text-align: left;\"><strong>Informaci\u00f3 i finalitat<\/strong><\/p>\n<p style=\"text-align: left;\">De conformitat amb el que estableix la LOPD, informem als usuaris de l\u2019exist\u00e8ncia d\u2019un fitxer denominat \u201cCOMUNICACI\u00d3\u201d propietat de EL BALANCI, S.L. que est\u00e0 degudament inscrit al Registre General de la Agencia Espa\u00f1ola de Protecci\u00f3n de Datos.<\/p>\n<p style=\"text-align: left;\">Les dades que els usuaris facilitin a trav\u00e9s dels diferents formularis d\u2019aquesta web quedaran inclosos en l\u2019esmentat fitxer amb la finalitat d\u2019atendre les sol\u00b7licituds o consultes realitzades. Aix\u00ed mateix, per aquells usuaris que hagin expressat el seu consentiment, les dades de contacte s\u2019utilitzaran per mantenir informats als usuaris de les novetats, esdeveniments o not\u00edcies d\u2019inter\u00e8s relacionats amb el Balanc\u00ed S.L. mitjan\u00e7ant l\u2019enviament de butlletins (newsletter) per correu electr\u00f2nic o qualsevol altre mitj\u00e0 de comunicaci\u00f3 que l\u2019usuari autoritzi.<\/p>\n<p style=\"text-align: left;\">En els formularis de recollida de dades s\u2019informa a l\u2019usuari del car\u00e0cter voluntari o obligatori de les dades que es sol\u00b7liciten. L\u2019usuari garanteix que la informaci\u00f3 facilitada \u00e9s exacta i es correspon amb la realitat. Abans de procedir a enviar les dades l\u2019usuari haur\u00e0 de llegir i acceptar les condicions d\u2019aquesta Pol\u00edtica de Privacitat.<\/p>\n<p style=\"text-align: left;\"><strong>Cessi\u00f3 de dades<\/strong><\/p>\n<p style=\"text-align: left;\">el Balanc\u00ed S.L. no cedir\u00e0 dades dels usuaris a terceres persones a no ser que hagi obtingut el consentiment expr\u00e9s, informat i inequ\u00edvoc per part dels titulars de les dades.<\/p>\n<p style=\"text-align: left;\"><strong>Cookies<\/strong><\/p>\n<p style=\"text-align: left;\">El lloc web d\u2019el Balanc\u00ed S.L. utilitza cookies pr\u00f2pies per facilitar l\u2019experi\u00e8ncia de navegaci\u00f3 de l\u2019usuari i amb finalitats estad\u00edstiques per\u00f2, en cap cas, s\u2019hi emmagatzemen dades personals dels usuaris.<\/p>\n<p style=\"text-align: left;\">L\u2019usuari t\u00e9 la possibilitat de configurar el seu navegador web per ser avisat de la recepci\u00f3 de cookies i acceptar-les o refusar-les segons la seva voluntat, aix\u00ed mateix pot desactivar amb car\u00e0cter general la instal\u00b7laci\u00f3 de cookies a l\u2019equip.<\/p>\n<p style=\"text-align: left;\"><strong>Mesures de seguretat<\/strong><\/p>\n<p style=\"text-align: left;\">De conformitat amb el que estableix l\u2019article 9 de la LOPD, el Balanc\u00ed S.L. ha adoptat les mesures necess\u00e0ries de car\u00e0cter t\u00e8cnic i organitzatiu per protegir les dades dels usuaris contra manipulacions, p\u00e8rdua i destrucci\u00f3 ocasionals o premeditats aix\u00ed com contra l\u2019acc\u00e9s per part de persones no autoritzades.<\/p>\n<p style=\"text-align: left;\"><strong>Exercici de drets<\/strong><\/p>\n<p style=\"text-align: left;\">En relaci\u00f3 a les dades obtingudes en aquesta web, els usuaris podran exercir els drets d\u2019acc\u00e9s, rectificaci\u00f3, cancel\u00b7laci\u00f3 o oposici\u00f3, aix\u00ed com revocar el consentiment atorgat per l\u2019enviament de comunicacions comercials. L\u2019exercici d\u2019aquests drets podr\u00e0 ser exercitat mitjan\u00e7ant sol\u00b7licitud escrita i firmada, que indiqui nom i cognoms del sol\u00b7licitant, domicili a efectes de notificacions i fotoc\u00f2pia del Document Nacional d\u2019Identitat o Passaport. La sol\u00b7licitud podr\u00e0 realitzar-se a trav\u00e9s de correu postal o per e-mail a les seg\u00fcents adreces:<br \/>\nel Balanc\u00ed S.L.<br \/>\nCarrer Bon Viatge 22<br \/>\n08970 \u2013 Sant Joan Desp\u00ed<br \/>\n<a href=\"mailto:elbalanci@elbalanci.com\" target=\"_blank\">elbalanci@elbalanci.com<\/a><\/p>\n","protected":false},"excerpt":{"rendered":"<p>El Balanc\u00ed, S.L. vol posar en coneixement dels usuaris d\u2019aquest lloc web la seva pol\u00edtica de privacitat i seguretat de les dades de car\u00e0cter personal&hellip;<\/p>\n","protected":false},"author":1,"featured_media":0,"parent":0,"menu_order":0,"comment_status":"closed","ping_status":"open","template":"","meta":[],"jetpack_sharing_enabled":true,"jetpack_shortlink":"https:\/\/wp.me\/P4MCqj-jh","_links":{"self":[{"href":"https:\/\/follia.com\/es\/wp-json\/wp\/v2\/pages\/1195"}],"collection":[{"href":"https:\/\/follia.com\/es\/wp-json\/wp\/v2\/pages"}],"about":[{"href":"https:\/\/follia.com\/es\/wp-json\/wp\/v2\/types\/page"}],"author":[{"embeddable":true,"href":"https:\/\/follia.com\/es\/wp-json\/wp\/v2\/users\/1"}],"replies":[{"embeddable":true,"href":"https:\/\/follia.com\/es\/wp-json\/wp\/v2\/comments?post=1195"}],"version-history":[{"count":1,"href":"https:\/\/follia.com\/es\/wp-json\/wp\/v2\/pages\/1195\/revisions"}],"predecessor-version":[{"id":1196,"href":"https:\/\/follia.com\/es\/wp-json\/wp\/v2\/pages\/1195\/revisions\/1196"}],"wp:attachment":[{"href":"https:\/\/follia.com\/es\/wp-json\/wp\/v2\/media?parent=1195"}],"curies":[{"name":"wp","href":"https:\/\/api.w.org\/{rel}","templated":true}]}}