{"id":1193,"date":"2015-03-23T23:03:31","date_gmt":"2015-03-23T22:03:31","guid":{"rendered":"http:\/\/follia.com\/?page_id=1193"},"modified":"2015-03-23T23:03:31","modified_gmt":"2015-03-23T22:03:31","slug":"aviso-legal","status":"publish","type":"page","link":"https:\/\/follia.com\/es\/aviso-legal\/","title":{"rendered":"Aviso Legal"},"content":{"rendered":"<p style=\"text-align: left;\"><strong>Benvingut a la p\u00e0gina web d\u2019el Balanc\u00ed S.L.<\/strong><\/p>\n<p style=\"text-align: left;\">En compliment de la Llei 34\/2002, de 11 de juliol, de Serveis de la Societat de la Informaci\u00f3 i de Comer\u00e7 Electr\u00f2nic, posem a disposici\u00f3 dels usuaris la seg\u00fcent informaci\u00f3:<\/p>\n<p style=\"padding-left: 30px; text-align: left;\">a)\u00a0elbalanci.com,\u00a0follia.com, follia.cat i follia.es\u00a0s\u00f3n dominis propietat d\u2019el Balanc\u00ed S.L..<\/p>\n<p style=\"padding-left: 30px; text-align: left;\">b) el Balanc\u00ed S.L., amb CIF n\u00fam. B58486135, t\u00e9 el seu domicili social a Carrer Bon Viatge 22 de Sant Joan Desp\u00ed (Espanya) i la seva adre\u00e7a de contacte electr\u00f2nic \u00e9s\u00a0elbalanci@elbalanci.com<\/p>\n<p style=\"padding-left: 30px; text-align: left;\">c) el Balanc\u00ed, S.L. \u00a0est\u00e1 inscrita al Registre Mercantil de Barcelona, \u00a0al tomo 9364\u00a0 llibre 370 de la secci\u00f3 3era, foli 40, fulla n\u00ba 7071, inscripci\u00f3 1era, con CIF B58486135.<\/p>\n<p style=\"text-align: left;\">A continuaci\u00f3 li exposem els termes i condicions d\u2019\u00fas del lloc web\u00a0<a href=\"http:\/\/www.follia.com\">www.follia.com<\/a>\u00a0(en endavant, el lloc o lloc web) que han de seguir els usuaris d\u2019aquest lloc.\u00a0 La navegaci\u00f3 a trav\u00e9s d\u2019aquestes web li confereix la condici\u00f3 d\u2019usuari, estigui registrat o no.<\/p>\n<p style=\"text-align: left;\"><b>Condicions generals d\u2019\u00fas del lloc web<br \/>\n<\/b><\/p>\n<p style=\"text-align: left;\">Com a usuari de la web (en endavant, l\u2019usuari) ha de fer en tot moment un \u00fas adequat de la mateixa i dels continguts o serveis que inclou, respectant en tot moment la legalitat vigent i els drets de propietat d\u2019el Balanc\u00ed S.L. (en endavant, el Balanc\u00ed).<\/p>\n<p style=\"text-align: left;\">L\u2019acc\u00e9s al lloc web \u00e9s lliure llevat per aquells apartats en els quals l\u2019usuari s\u2019hagi d\u2019identificar mitjan\u00e7ant un nom d\u2019usuari i contrasenya, en aquest cas ser\u00e0 necessari haver emplenat el formulari de registre i haver acceptat la\u00a0<a title=\"Pol\u00edtica de Privacitat\" href=\"http:\/\/follia.com\/politica-de-privacitat\/\">Pol\u00edtica de Privacitat<\/a>\u00a0d\u2019el Balanc\u00ed.<\/p>\n<p style=\"text-align: left;\">Queda prohibit portar a terme accions que provoquin o puguin provocar danys o alteracions als continguts web; impedir o dificultar l\u2019acc\u00e9s al lloc pels usuaris; accedir de manera no autoritzada a continguts o serveis de la web; difondre virus inform\u00e0tics o programes maliciosos que puguin afectar a la web o als seus usuaris; o utilitzar el lloc web com a via d\u2019acc\u00e9s a Internet per la comissi\u00f3 d\u2019accions il\u00b7l\u00edcites.<\/p>\n<p style=\"text-align: left;\"><b>Propietat intel\u00b7lectual<\/b><\/p>\n<p style=\"text-align: left;\">Els dissenys, textos, imatges, fotografies i dem\u00e9s elements integradors de la web s\u00f3n, llevat que s\u2019especifiqui el contrari, de titularitat d\u2019el Balanc\u00ed, que posseeix leg\u00edtimament en exclusiva els drets d\u2019explotaci\u00f3 sobre els mateixos. L\u2019usuari no pot en cap concepte copiar-los, modificar-los, distribuir-los, transmetre\u2019ls o reproduir-los sense el consentiment expr\u00e9s dels titulars. Aquest consentiment no ser\u00e0 necessari pel material habilitat expressament per la seva desc\u00e0rrega lliure en format PDF.<\/p>\n<p style=\"text-align: left;\">Aquest lloc web cont\u00e9 marques, drets d\u2019autor i altres drets de propietat industrial o intel\u00b7lectual que s\u00f3n propietat d\u2019el Balanc\u00ed o de tercers col\u00b7laboradors que han autoritzat la seva utilitzaci\u00f3 en el lloc web. La visita d\u2019un usuari a la web no li confereix cap dret o llic\u00e8ncia sobre els esmentats drets de propietat industrial o intel\u00b7lectual.<\/p>\n<p style=\"text-align: left;\"><b>Responsabilitats<\/b><\/p>\n<p style=\"text-align: left;\">El comprom\u00eds d\u2019 el Balanc\u00ed \u00e9s oferir un funcionament del lloc web amb la major professionalitat i qualitat, no obstant es reserva el dret de suspendre temporalment i sense necessitat de previ av\u00eds, l\u2019accessibilitat al lloc web en cas d\u2019efectuar operacions de manteniment, reparaci\u00f3, actualitzaci\u00f3 o millora dels serveis i continguts, aix\u00ed com modificar o actualitzar les informacions, continguts o les condicions d\u2019acc\u00e9s a la mateixa.<\/p>\n<p style=\"text-align: left;\">El Balanc\u00ed \u00fanicament es fa responsable de les informacions, continguts o serveis propis oferts en aquesta web. En cap cas no assumir\u00e0 cap tipus de responsabilitat respecte a informacions, continguts, productes o serveis oferts per tercers als quals s\u2019accedeixi a trav\u00e9s d\u2019enlla\u00e7os continguts en aquesta web. Tampoc es fa responsable de les opinions o missatges publicats pels usuaris en f\u00f2rums o altres espais de difusi\u00f3 p\u00fablica existents en el lloc web o als quals s\u2019accedeixi a trav\u00e9s del mateix.<\/p>\n<p style=\"text-align: left;\"><b>Pol\u00edtica de Privacitat<\/b><\/p>\n<p style=\"text-align: left;\">Les dades de car\u00e0cter personal que el Balanc\u00ed pugui arribar a obtenir dels usuaris del lloc web seran tractats segons les exig\u00e8ncies de la Llei Org\u00e0nica 15\/1999, de 13 de desembre, de Protecci\u00f3 de Dades de Car\u00e0cter Personal i el Reial Decret 1720\/2007, de 21 de desembre, pel qual s\u2019aprova el Reglament de desenvolupament de l\u2019esmentada Llei.<\/p>\n<p style=\"text-align: left;\">Premi el seg\u00fcent enlla\u00e7 per consultar els detalls de la\u00a0<a title=\"Pol\u00edtica de Privacitat\" href=\"http:\/\/follia.com\/politica-de-privacitat\/\">Pol\u00edtica de Privacitat<\/a>.<\/p>\n<p style=\"text-align: left;\"><b>Llei aplicable i Jurisdicci\u00f3<\/b><\/p>\n<p style=\"text-align: left;\">Aquestes condicions d\u2019\u00fas s\u2019interpretaran i regiran per la normativa vigent en la legislaci\u00f3 espanyola. Per la resoluci\u00f3 de tots els conflictes derivats o relacionats amb l\u2019\u00fas d\u2019aquest lloc web, el Balanc\u00ed i els usuaris queden sotmesos a la jurisdicci\u00f3 i compet\u00e8ncia dels Jutjats i Tribunals de la ciutat de Barcelona (Espanya), amb ren\u00fancia expressa a qualsevol altre fur que els pogu\u00e9s correspondre.<\/p>\n","protected":false},"excerpt":{"rendered":"<p>Benvingut a la p\u00e0gina web d\u2019el Balanc\u00ed S.L. En compliment de la Llei 34\/2002, de 11 de juliol, de Serveis de la Societat de la&hellip;<\/p>\n","protected":false},"author":1,"featured_media":0,"parent":0,"menu_order":0,"comment_status":"closed","ping_status":"open","template":"","meta":[],"jetpack_sharing_enabled":true,"jetpack_shortlink":"https:\/\/wp.me\/P4MCqj-jf","_links":{"self":[{"href":"https:\/\/follia.com\/es\/wp-json\/wp\/v2\/pages\/1193"}],"collection":[{"href":"https:\/\/follia.com\/es\/wp-json\/wp\/v2\/pages"}],"about":[{"href":"https:\/\/follia.com\/es\/wp-json\/wp\/v2\/types\/page"}],"author":[{"embeddable":true,"href":"https:\/\/follia.com\/es\/wp-json\/wp\/v2\/users\/1"}],"replies":[{"embeddable":true,"href":"https:\/\/follia.com\/es\/wp-json\/wp\/v2\/comments?post=1193"}],"version-history":[{"count":1,"href":"https:\/\/follia.com\/es\/wp-json\/wp\/v2\/pages\/1193\/revisions"}],"predecessor-version":[{"id":1194,"href":"https:\/\/follia.com\/es\/wp-json\/wp\/v2\/pages\/1193\/revisions\/1194"}],"wp:attachment":[{"href":"https:\/\/follia.com\/es\/wp-json\/wp\/v2\/media?parent=1193"}],"curies":[{"name":"wp","href":"https:\/\/api.w.org\/{rel}","templated":true}]}}